{"id":1794,"date":"2021-10-13T11:57:09","date_gmt":"2021-10-13T09:57:09","guid":{"rendered":"https:\/\/mydokke.com\/index.php\/produit\/pantalon-cargo-a-carreaux-verts-noirs\/"},"modified":"2021-12-07T17:05:29","modified_gmt":"2021-12-07T16:05:29","slug":"pantalon-cargo-a-carreaux-verts-noirs","status":"publish","type":"product","link":"https:\/\/mydokke.com\/en\/product\/pantalon-cargo-a-carreaux-verts-noirs\/","title":{"rendered":"Pantalon CARGO \u00e0 carreaux verts &#038; noirs"},"content":{"rendered":"<p>Le pantalon CARGO par dokke.<\/p>\n<p>Devant pliss\u00e9. Coupe large. Coupe Cropped. Fermeture crochet \u00e0 la taille. Fermeture \u00e9clair. Poches sur les hanches. Poches arri\u00e8re.<\/p>\n<p>Taille 1 = 34\/36<\/p>\n<p>Taille 2 = 38\/40<\/p>\n<p>Taille 3 = 42\/44<\/p>\n<p>Veste teddy unisexe FIR assortie. Taille grand. Nous contacter si incertitudes sur la taille.<\/p>","protected":false},"excerpt":{"rendered":"<p>Pantalon<\/p>","protected":false},"featured_media":1240,"comment_status":"closed","ping_status":"closed","template":"","meta":{"_acf_changed":false},"product_brand":[],"product_cat":[115],"product_tag":[],"class_list":{"0":"post-1794","1":"product","2":"type-product","3":"status-publish","4":"has-post-thumbnail","6":"product_cat-pantalons","7":"pa_couleur-vert-noir","8":"pa_taille-80","9":"pa_taille-82","10":"pa_taille-83","12":"first","13":"instock","14":"purchasable","15":"product-type-variable","16":"has-default-attributes"},"acf":[],"_links":{"self":[{"href":"https:\/\/mydokke.com\/en\/wp-json\/wp\/v2\/product\/1794","targetHints":{"allow":["GET"]}}],"collection":[{"href":"https:\/\/mydokke.com\/en\/wp-json\/wp\/v2\/product"}],"about":[{"href":"https:\/\/mydokke.com\/en\/wp-json\/wp\/v2\/types\/product"}],"replies":[{"embeddable":true,"href":"https:\/\/mydokke.com\/en\/wp-json\/wp\/v2\/comments?post=1794"}],"wp:featuredmedia":[{"embeddable":true,"href":"https:\/\/mydokke.com\/en\/wp-json\/wp\/v2\/media\/1240"}],"wp:attachment":[{"href":"https:\/\/mydokke.com\/en\/wp-json\/wp\/v2\/media?parent=1794"}],"wp:term":[{"taxonomy":"product_brand","embeddable":true,"href":"https:\/\/mydokke.com\/en\/wp-json\/wp\/v2\/product_brand?post=1794"},{"taxonomy":"product_cat","embeddable":true,"href":"https:\/\/mydokke.com\/en\/wp-json\/wp\/v2\/product_cat?post=1794"},{"taxonomy":"product_tag","embeddable":true,"href":"https:\/\/mydokke.com\/en\/wp-json\/wp\/v2\/product_tag?post=1794"}],"curies":[{"name":"wp","href":"https:\/\/api.w.org\/{rel}","templated":true}]}}