{"id":1750,"date":"2021-10-13T11:43:00","date_gmt":"2021-10-13T09:43:00","guid":{"rendered":"https:\/\/mydokke.com\/index.php\/produit\/ceinture-a-volants-la-isla-bonita-noir-blanc\/"},"modified":"2022-09-22T12:49:33","modified_gmt":"2022-09-22T10:49:33","slug":"ceinture-a-volants-la-isla-bonita-noir-blanc","status":"publish","type":"product","link":"https:\/\/mydokke.com\/en\/product\/ceinture-a-volants-la-isla-bonita-noir-blanc\/","title":{"rendered":"Ceinture \u00e0 volants LA ISLA BONITA  Noir &#038; Blanc"},"content":{"rendered":"<p>Ceinture \u00e0 volants \u00e0 nouer sur un jean, un pantalon ou une jupe.<\/p>","protected":false},"excerpt":{"rendered":"<p>Ceinture \u00e0 volants<\/p>","protected":false},"featured_media":1179,"comment_status":"closed","ping_status":"closed","template":"","meta":{"_acf_changed":false},"product_brand":[],"product_cat":[114,113],"product_tag":[],"class_list":{"0":"post-1750","1":"product","2":"type-product","3":"status-publish","4":"has-post-thumbnail","6":"product_cat-ceintures","7":"product_cat-les-accessoires","8":"pa_couleur-noir-blanc","9":"pa_taille-taille-unique","11":"first","12":"instock","13":"purchasable","14":"product-type-simple"},"acf":[],"_links":{"self":[{"href":"https:\/\/mydokke.com\/en\/wp-json\/wp\/v2\/product\/1750","targetHints":{"allow":["GET"]}}],"collection":[{"href":"https:\/\/mydokke.com\/en\/wp-json\/wp\/v2\/product"}],"about":[{"href":"https:\/\/mydokke.com\/en\/wp-json\/wp\/v2\/types\/product"}],"replies":[{"embeddable":true,"href":"https:\/\/mydokke.com\/en\/wp-json\/wp\/v2\/comments?post=1750"}],"wp:featuredmedia":[{"embeddable":true,"href":"https:\/\/mydokke.com\/en\/wp-json\/wp\/v2\/media\/1179"}],"wp:attachment":[{"href":"https:\/\/mydokke.com\/en\/wp-json\/wp\/v2\/media?parent=1750"}],"wp:term":[{"taxonomy":"product_brand","embeddable":true,"href":"https:\/\/mydokke.com\/en\/wp-json\/wp\/v2\/product_brand?post=1750"},{"taxonomy":"product_cat","embeddable":true,"href":"https:\/\/mydokke.com\/en\/wp-json\/wp\/v2\/product_cat?post=1750"},{"taxonomy":"product_tag","embeddable":true,"href":"https:\/\/mydokke.com\/en\/wp-json\/wp\/v2\/product_tag?post=1750"}],"curies":[{"name":"wp","href":"https:\/\/api.w.org\/{rel}","templated":true}]}}