{"id":280,"date":"2021-09-29T15:51:39","date_gmt":"2021-09-29T13:51:39","guid":{"rendered":"https:\/\/mydokke.com\/?page_id=280"},"modified":"2021-10-22T16:49:58","modified_gmt":"2021-10-22T14:49:58","slug":"livraison","status":"publish","type":"page","link":"https:\/\/mydokke.com\/en\/livraison\/","title":{"rendered":"DELIVERY"},"content":{"rendered":"<div data-elementor-type=\"wp-page\" data-elementor-id=\"280\" class=\"elementor elementor-280\" data-elementor-post-type=\"page\">\n\t\t\t\t\t\t<section class=\"elementor-section elementor-top-section elementor-element elementor-element-a7d19db elementor-section-boxed elementor-section-height-default elementor-section-height-default\" data-id=\"a7d19db\" data-element_type=\"section\" data-e-type=\"section\" data-settings=\"{&quot;background_background&quot;:&quot;classic&quot;}\">\n\t\t\t\t\t\t<div class=\"elementor-container elementor-column-gap-default\">\n\t\t\t\t\t<div class=\"elementor-column elementor-col-100 elementor-top-column elementor-element elementor-element-c2c4bad\" data-id=\"c2c4bad\" data-element_type=\"column\" data-e-type=\"column\">\n\t\t\t<div class=\"elementor-widget-wrap elementor-element-populated\">\n\t\t\t\t\t\t\t<\/div>\n\t\t<\/div>\n\t\t\t\t\t<\/div>\n\t\t<\/section>\n\t\t\t\t<section class=\"elementor-section elementor-top-section elementor-element elementor-element-ffe17c8 elementor-section-boxed elementor-section-height-default elementor-section-height-default\" data-id=\"ffe17c8\" data-element_type=\"section\" data-e-type=\"section\">\n\t\t\t\t\t\t<div class=\"elementor-container elementor-column-gap-default\">\n\t\t\t\t\t<div class=\"elementor-column elementor-col-100 elementor-top-column elementor-element elementor-element-c820501\" data-id=\"c820501\" data-element_type=\"column\" data-e-type=\"column\">\n\t\t\t<div class=\"elementor-widget-wrap elementor-element-populated\">\n\t\t\t\t\t\t<div class=\"elementor-element elementor-element-e2c829a elementor-widget elementor-widget-text-editor\" data-id=\"e2c829a\" data-element_type=\"widget\" data-e-type=\"widget\" data-widget_type=\"text-editor.default\">\n\t\t\t\t<div class=\"elementor-widget-container\">\n\t\t\t\t\t\t\t\t\t<p><strong>COLISSIMO<\/strong><\/p><p>With Colissimo, receive your parcel at the address of your choice selected during your order: at your home you\u2019re your workplace or holidays address according to your life routine.\u00a0<strong>l\u2019adresse de votre choix<\/strong>\u00a0s\u00e9lectionn\u00e9e lors de votre commande : chez vous, sur votre lieu de travail ou de vacances selon vos habitudes de vie.<\/p><p>Your parcel will be delivered personally to you or in your mailbox. If you are absent and if your mailbox is not big enough, a message will be left allowing you to choose on the Internet a new delivery date within 6 working days or to come get your parcel in your local post office within 15 days.\u00a0<strong>en main propre ou dans votre bo\u00eete aux lettres<\/strong>. Si vous \u00eates absent et que votre bo\u00eete aux lettres n\u2019est pas assez grande, un avis de passage vous sera d\u00e9pos\u00e9 vous permettant de choisir sur internet une nouvelle date de livraison dans les 6 jours ouvr\u00e9s ou de r\u00e9cup\u00e9rer votre colis dans votre bureau de poste de rattachement, dans un d\u00e9lai de 15 jours.<\/p><p>As soon as your order leaves our warehouse, you will be able to track it on laposte.fr thanks to the number of Colissimo that you will find in the section My orders.\u00a0<strong>la possibilit\u00e9 de suivre l\u2019acheminement<\/strong>\u00a0de votre colis sur\u00a0<a href=\"http:\/\/www.laposte.fr\/\">laposte.fr<\/a>\u00a0gr\u00e2ce au num\u00e9ro de Colissimo que vous trouverez dans la rubrique\u00a0<a href=\"https:\/\/www.vertbaudet.fr\/commandes.aspx\">Mes commandes.<\/a><\/p><p><strong><br \/>MONDIAL RELAY<\/strong><\/p><p>During your checkout, you will be able to choose a Point Relay \u00ae among 6 300 partners. \nThere is necessarily one less than 10 minutes from your home!\u00a0<strong>6\u00a0300 commer\u00e7ants partenaires<\/strong>. Il y en a forc\u00e9ment un \u00e0 moins de 10 minutes de chez vous\u00a0!<\/p><p>Mondial Relay will inform you by e-mail and by text message of the arrival of your parcel in the selected Point Relay \u00ae.<\/p><p>In one click in the e-mail, you know the opening hours of your Point Relay \u00ae.\n100 % are opened on Saturdays, more than 30 % on Sundays and many are opened late in the evening.\u00a0<strong>100% sont ouverts le samedi, plus de 30% le dimanche<\/strong>\u00a0et beaucoup sont ouverts tard le soir.<\/p><p><strong>Your parcel will await for you 14 days.<\/strong>.<\/p><p><strong><br \/>UPS<\/strong><\/p><p>Your parcel is delivered by UPS and is delivered personally to you.<\/p><p>The price includes the delivery of the parcel at the address and the floor indicated on the order.<\/p><p>Free delivery is offered for any order with a superior or equal amount of 200\u20ac; the delivery fees are offered whatever the amount and the number of products of your order.<\/p><p><strong>UPS delivers from Monday to Friday between 9 am and 5 pm, with the exception of holidays.<\/strong><\/p><p>If you are absent during the delivery, a message will be left in your mailbox.<\/p><p>A new delivery will be planned the next day. You also have the possibility of contacting UPS to plan another delivery appointment or to come to get your parcel in the closest UPS center.The parcel will be kept there for 5 days.<\/p><p>If you indicate your phone number in your delivery details, we will inform you free of charge by SMS of the tracking of your parcel.<\/p>\t\t\t\t\t\t\t\t<\/div>\n\t\t\t\t<\/div>\n\t\t\t\t\t<\/div>\n\t\t<\/div>\n\t\t\t\t\t<\/div>\n\t\t<\/section>\n\t\t\t\t<\/div>","protected":false},"excerpt":{"rendered":"<p>COLISSIMO Avec Colissimo, recevez votre colis \u00e0\u00a0l\u2019adresse de votre choix\u00a0s\u00e9lectionn\u00e9e lors de votre commande : chez vous, sur votre lieu de travail ou de vacances selon vos habitudes de vie. Votre colis vous sera remis\u00a0en main propre ou dans votre bo\u00eete aux lettres. Si vous \u00eates absent et que votre bo\u00eete aux lettres n\u2019est pas [&hellip;]<\/p>\n","protected":false},"author":1,"featured_media":0,"parent":0,"menu_order":0,"comment_status":"closed","ping_status":"closed","template":"elementor_header_footer","meta":{"_acf_changed":false,"footnotes":""},"class_list":["post-280","page","type-page","status-publish","hentry"],"acf":[],"_links":{"self":[{"href":"https:\/\/mydokke.com\/en\/wp-json\/wp\/v2\/pages\/280","targetHints":{"allow":["GET"]}}],"collection":[{"href":"https:\/\/mydokke.com\/en\/wp-json\/wp\/v2\/pages"}],"about":[{"href":"https:\/\/mydokke.com\/en\/wp-json\/wp\/v2\/types\/page"}],"author":[{"embeddable":true,"href":"https:\/\/mydokke.com\/en\/wp-json\/wp\/v2\/users\/1"}],"replies":[{"embeddable":true,"href":"https:\/\/mydokke.com\/en\/wp-json\/wp\/v2\/comments?post=280"}],"version-history":[{"count":5,"href":"https:\/\/mydokke.com\/en\/wp-json\/wp\/v2\/pages\/280\/revisions"}],"predecessor-version":[{"id":2973,"href":"https:\/\/mydokke.com\/en\/wp-json\/wp\/v2\/pages\/280\/revisions\/2973"}],"wp:attachment":[{"href":"https:\/\/mydokke.com\/en\/wp-json\/wp\/v2\/media?parent=280"}],"curies":[{"name":"wp","href":"https:\/\/api.w.org\/{rel}","templated":true}]}}