{"id":273,"date":"2021-09-29T15:51:06","date_gmt":"2021-09-29T13:51:06","guid":{"rendered":"https:\/\/mydokke.com\/?page_id=273"},"modified":"2021-10-20T16:17:18","modified_gmt":"2021-10-20T14:17:18","slug":"conseils-dentretien","status":"publish","type":"page","link":"https:\/\/mydokke.com\/en\/conseils-dentretien\/","title":{"rendered":"CARE"},"content":{"rendered":"<div data-elementor-type=\"wp-page\" data-elementor-id=\"273\" class=\"elementor elementor-273\" data-elementor-post-type=\"page\">\n\t\t\t\t\t\t<section class=\"elementor-section elementor-top-section elementor-element elementor-element-1498a9c elementor-section-boxed elementor-section-height-default elementor-section-height-default\" data-id=\"1498a9c\" data-element_type=\"section\" data-e-type=\"section\" data-settings=\"{&quot;background_background&quot;:&quot;classic&quot;}\">\n\t\t\t\t\t\t<div class=\"elementor-container elementor-column-gap-default\">\n\t\t\t\t\t<div class=\"elementor-column elementor-col-100 elementor-top-column elementor-element elementor-element-415b87e\" data-id=\"415b87e\" data-element_type=\"column\" data-e-type=\"column\">\n\t\t\t<div class=\"elementor-widget-wrap elementor-element-populated\">\n\t\t\t\t\t\t\t<\/div>\n\t\t<\/div>\n\t\t\t\t\t<\/div>\n\t\t<\/section>\n\t\t\t\t<section class=\"elementor-section elementor-top-section elementor-element elementor-element-a82bf01 elementor-section-boxed elementor-section-height-default elementor-section-height-default\" data-id=\"a82bf01\" data-element_type=\"section\" data-e-type=\"section\">\n\t\t\t\t\t\t<div class=\"elementor-container elementor-column-gap-default\">\n\t\t\t\t\t<div class=\"elementor-column elementor-col-100 elementor-top-column elementor-element elementor-element-a24939d\" data-id=\"a24939d\" data-element_type=\"column\" data-e-type=\"column\">\n\t\t\t<div class=\"elementor-widget-wrap elementor-element-populated\">\n\t\t\t\t\t\t<div class=\"elementor-element elementor-element-4aa8168 elementor-widget elementor-widget-text-editor\" data-id=\"4aa8168\" data-element_type=\"widget\" data-e-type=\"widget\" data-widget_type=\"text-editor.default\">\n\t\t\t\t<div class=\"elementor-widget-container\">\n\t\t\t\t\t\t\t\t\t<p><strong>TURBANS \u2013 FABRIC TOTE BAGS<\/strong><\/p><p>We recommend handwash or cold machine wash. Lay out horizontally for drying and soft iron inside out.<\/p><p><strong>\u00a0<\/strong><\/p><p><strong>CLUTCHES JO &amp; LEAF<\/strong><\/p><p>These items are made with fabric and leather.\nRecommendations :\n- no machine wash. \n- in case of stains, clean with soft soft and air dry or give to a professional.\n- store dry in dust-bag.\n- No bleach product may be used. The garment is not colorfast or structurally able to withstand any bleach.\n- Item may not be smoothed or finished with an iron.<\/p><p>Nous recommandons\u00a0:<\/p><p>\u2013 de ne pas le laver en machine.<\/p><p>\u2013 pour l\u2019entretien r\u00e9gulier, nettoyer avec un chiffon doux, l\u00e9g\u00e8rement humide ou sec.<\/p><p>\u2013 en cas de t\u00e2ches, nettoyer avec du savon de marseille et laisser s\u00e9cher \u00e0 l\u2019air libre.<\/p><p>\u2013 de ranger le sac bien sec dans sa housse de protection individuelle.<\/p><p>\u00a0<\/p><p><strong>KIMONOS &amp; TEDDY JACKETS<\/strong><\/p><p>We recommend dry cleaning for the dokke jackets.\nNo bleach product may be used. The garment is not colorfast or structurally able to withstand any bleach.<\/p><p>\u00a0<\/p><p><strong>JEWELRY<\/strong><\/p><p>Dokke jewelry are handmade with our artisans selected for their excellence and the quality of their work.<\/p><p>Handmade in small series, our jewelry may contain irregularities caused by this production method and the use of natural materials.<\/p><p>Our jewelry is silver 925\/1000 &amp; pure bronze.<\/p><p>In order to preserve your jewelry item for as long as possible, dokke recommends:<\/p><ul><li>\uf02d\tKeep it on its own in its cotton case, away from sources of humidity,<\/li><li>\uf02d\tAvoid prolonged contact with water,<\/li><li>\uf02d\tAvoid contact with perfumes and cosmetic products,<\/li><li>\uf02d\tDo not use cleaning products or solvents,<\/li><li>\uf02d\tDo not wear your jewelry while exercising,<\/li><li>\uf02d\tDo not wear it while you are asleep,<\/li><\/ul><p>\uf02d\tKeep your jewelry in their dust-bag when you are not wearing them.<\/p>\t\t\t\t\t\t\t\t<\/div>\n\t\t\t\t<\/div>\n\t\t\t\t\t<\/div>\n\t\t<\/div>\n\t\t\t\t\t<\/div>\n\t\t<\/section>\n\t\t\t\t<\/div>","protected":false},"excerpt":{"rendered":"<p>LES TURBANS \u2013 LES SACS EN TISSU Nous vous recommandons un lavage \u00e0 la main ou lavage en machine \u00e0 froid. Faire s\u00e9cher \u00e0 plat et repasser \u00e0 fer doux \u00e0 l\u2019envers. \u00a0 POCHETTES JO &amp; LEAF Ces articles sont compos\u00e9s de cuir et tissu. Nous recommandons\u00a0: \u2013 de ne pas le laver en machine. [&hellip;]<\/p>\n","protected":false},"author":1,"featured_media":0,"parent":0,"menu_order":0,"comment_status":"closed","ping_status":"closed","template":"elementor_header_footer","meta":{"_acf_changed":false,"footnotes":""},"class_list":["post-273","page","type-page","status-publish","hentry"],"acf":[],"_links":{"self":[{"href":"https:\/\/mydokke.com\/en\/wp-json\/wp\/v2\/pages\/273","targetHints":{"allow":["GET"]}}],"collection":[{"href":"https:\/\/mydokke.com\/en\/wp-json\/wp\/v2\/pages"}],"about":[{"href":"https:\/\/mydokke.com\/en\/wp-json\/wp\/v2\/types\/page"}],"author":[{"embeddable":true,"href":"https:\/\/mydokke.com\/en\/wp-json\/wp\/v2\/users\/1"}],"replies":[{"embeddable":true,"href":"https:\/\/mydokke.com\/en\/wp-json\/wp\/v2\/comments?post=273"}],"version-history":[{"count":5,"href":"https:\/\/mydokke.com\/en\/wp-json\/wp\/v2\/pages\/273\/revisions"}],"predecessor-version":[{"id":2590,"href":"https:\/\/mydokke.com\/en\/wp-json\/wp\/v2\/pages\/273\/revisions\/2590"}],"wp:attachment":[{"href":"https:\/\/mydokke.com\/en\/wp-json\/wp\/v2\/media?parent=273"}],"curies":[{"name":"wp","href":"https:\/\/api.w.org\/{rel}","templated":true}]}}