{"id":153,"date":"2021-09-28T12:47:38","date_gmt":"2021-09-28T10:47:38","guid":{"rendered":"https:\/\/mydokke.com\/?page_id=153"},"modified":"2021-09-28T13:33:45","modified_gmt":"2021-09-28T11:33:45","slug":"la-marque","status":"publish","type":"page","link":"https:\/\/mydokke.com\/en\/la-marque\/","title":{"rendered":"THE BRAND"},"content":{"rendered":"<div data-elementor-type=\"wp-page\" data-elementor-id=\"153\" class=\"elementor elementor-153\" data-elementor-post-type=\"page\">\n\t\t\t\t\t\t<section class=\"elementor-section elementor-top-section elementor-element elementor-element-a8f7fd9 elementor-section-boxed elementor-section-height-default elementor-section-height-default\" data-id=\"a8f7fd9\" data-element_type=\"section\" data-e-type=\"section\" data-settings=\"{&quot;background_background&quot;:&quot;classic&quot;}\">\n\t\t\t\t\t\t<div class=\"elementor-container elementor-column-gap-default\">\n\t\t\t\t\t<div class=\"elementor-column elementor-col-50 elementor-top-column elementor-element elementor-element-76d1994\" data-id=\"76d1994\" data-element_type=\"column\" data-e-type=\"column\">\n\t\t\t<div class=\"elementor-widget-wrap elementor-element-populated\">\n\t\t\t\t\t\t<section class=\"elementor-section elementor-inner-section elementor-element elementor-element-320c22c elementor-section-full_width elementor-section-height-default elementor-section-height-default\" data-id=\"320c22c\" data-element_type=\"section\" data-e-type=\"section\">\n\t\t\t\t\t\t<div class=\"elementor-container elementor-column-gap-default\">\n\t\t\t\t\t<div class=\"elementor-column elementor-col-100 elementor-inner-column elementor-element elementor-element-6506e48\" data-id=\"6506e48\" data-element_type=\"column\" data-e-type=\"column\">\n\t\t\t<div class=\"elementor-widget-wrap elementor-element-populated\">\n\t\t\t\t\t\t<div class=\"elementor-element elementor-element-2e5651d elementor-widget elementor-widget-heading\" data-id=\"2e5651d\" data-element_type=\"widget\" data-e-type=\"widget\" data-widget_type=\"heading.default\">\n\t\t\t\t<div class=\"elementor-widget-container\">\n\t\t\t\t\t<h2 class=\"elementor-heading-title elementor-size-default\">D\u00e9couvrez la marque Dokke<\/h2>\t\t\t\t<\/div>\n\t\t\t\t<\/div>\n\t\t\t\t<div class=\"elementor-element elementor-element-63a75f9 elementor-widget elementor-widget-text-editor\" data-id=\"63a75f9\" data-element_type=\"widget\" data-e-type=\"widget\" data-widget_type=\"text-editor.default\">\n\t\t\t\t<div class=\"elementor-widget-container\">\n\t\t\t\t\t\t\t\t\t<p>La marque citadine cr\u00e9\u00e9e en ann\u00e9e 2018 par Ramatoulaye Diop<\/p>\t\t\t\t\t\t\t\t<\/div>\n\t\t\t\t<\/div>\n\t\t\t\t<div class=\"elementor-element elementor-element-577de5a elementor-widget elementor-widget-image\" data-id=\"577de5a\" data-element_type=\"widget\" data-e-type=\"widget\" data-widget_type=\"image.default\">\n\t\t\t\t<div class=\"elementor-widget-container\">\n\t\t\t\t\t\t\t\t\t\t\t\t\t\t\t<img fetchpriority=\"high\" decoding=\"async\" width=\"490\" height=\"524\" src=\"https:\/\/mydokke.com\/wp-content\/uploads\/2021\/09\/20190604161134-_DSC1458.png\" class=\"attachment-full size-full wp-image-157\" alt=\"\" srcset=\"https:\/\/mydokke.com\/wp-content\/uploads\/2021\/09\/20190604161134-_DSC1458.png 490w, https:\/\/mydokke.com\/wp-content\/uploads\/2021\/09\/20190604161134-_DSC1458-281x300.png 281w\" sizes=\"(max-width: 490px) 100vw, 490px\" \/>\t\t\t\t\t\t\t\t\t\t\t\t\t\t\t<\/div>\n\t\t\t\t<\/div>\n\t\t\t\t<div class=\"elementor-element elementor-element-7b442bf elementor-widget elementor-widget-heading\" data-id=\"7b442bf\" data-element_type=\"widget\" data-e-type=\"widget\" data-widget_type=\"heading.default\">\n\t\t\t\t<div class=\"elementor-widget-container\">\n\t\t\t\t\t<h2 class=\"elementor-heading-title elementor-size-default\">Rama va \u00eatre aur\u00e9ol\u00e9e de\nparchemins sans faute faisant\nd\u2019elle une professionnelle\nexperte dans les r\u00e9gies\nfinanci\u00e8res.<\/h2>\t\t\t\t<\/div>\n\t\t\t\t<\/div>\n\t\t\t\t<div class=\"elementor-element elementor-element-4a072d7 elementor-widget elementor-widget-text-editor\" data-id=\"4a072d7\" data-element_type=\"widget\" data-e-type=\"widget\" data-widget_type=\"text-editor.default\">\n\t\t\t\t<div class=\"elementor-widget-container\">\n\t\t\t\t\t\t\t\t\t<p>Elle exerce plusieurs ann\u00e9es \u00e0 Paris dans des cabinets de conseil, directrice financi\u00e8re dans une boite d\u2019IT au CAC40, tout en peaufinant ce qui va devenir dokke, en pular \u00ab les dons que vous recevez sur les chemins de la vie \u00bb. Des petites niches lui ouvrent les portes de l\u2019Afropunk de Brooklyn (ao\u00fbt 2019) et de Paris (juillet 2019), le Dakar Fashion Week (\u00e9ditions 2019&amp; 2020) pour ne citer que ces grands rendez-vous de la mode.<\/p><p>dokke est \u00e0 l\u2019image de sa cr\u00e9atrice, une marque sans \u00e9tiquettes, ouverte au monde, urbaine, citadine, cosmopolite, multiculturelle o\u00f9 l\u2019\u00e9pith\u00e8te \u00ab ethnique \u00bb n\u2019a pas de place. La philosophie de dokke est un lifestyle \u00e0 l\u2019intersection de toutes les richesses humaines. Pens\u00e9e comme du pr\u00eat-\u00e0-porter chic, \u00e9l\u00e9gant, discret et pratique, \u00ab less is more \u00bb, dokke est une marque de v\u00eatement qui parle aux gens. Les mati\u00e8res organiques sont choisies avec une extr\u00eame m\u00e9ticulosit\u00e9 qui subjugue et rappelle par ricochet la rigueur cumul\u00e9e durant les ann\u00e9es de calculs financiers de la designer. Parisienne dans l\u2019\u00e2me, Rama est discr\u00e8te dans un univers o\u00f9 l\u2019image et la visibilit\u00e9 sont au c\u0153ur m\u00eame de l\u2019industrie de la mode. Consommer ce que l\u2019on cr\u00e9e rassure le consommateur, Rama cr\u00e9e ce qu\u2019elle consomme et consomme ce qu\u2019elle cr\u00e9e \u00bb. Odome Angone<br \/><strong>#fashion semiologist<\/strong><\/p>\t\t\t\t\t\t\t\t<\/div>\n\t\t\t\t<\/div>\n\t\t\t\t\t<\/div>\n\t\t<\/div>\n\t\t\t\t\t<\/div>\n\t\t<\/section>\n\t\t\t\t\t<\/div>\n\t\t<\/div>\n\t\t\t\t<div class=\"elementor-column elementor-col-50 elementor-top-column elementor-element elementor-element-a188c94\" data-id=\"a188c94\" data-element_type=\"column\" data-e-type=\"column\">\n\t\t\t<div class=\"elementor-widget-wrap elementor-element-populated\">\n\t\t\t\t\t\t<section class=\"elementor-section elementor-inner-section elementor-element elementor-element-cc2d353 elementor-section-boxed elementor-section-height-default elementor-section-height-default\" data-id=\"cc2d353\" data-element_type=\"section\" data-e-type=\"section\">\n\t\t\t\t\t\t<div class=\"elementor-container elementor-column-gap-default\">\n\t\t\t\t\t<div class=\"elementor-column elementor-col-100 elementor-inner-column elementor-element elementor-element-554e903\" data-id=\"554e903\" data-element_type=\"column\" data-e-type=\"column\">\n\t\t\t<div class=\"elementor-widget-wrap elementor-element-populated\">\n\t\t\t\t\t\t<div class=\"elementor-element elementor-element-817bc01 elementor-widget elementor-widget-image\" data-id=\"817bc01\" data-element_type=\"widget\" data-e-type=\"widget\" data-widget_type=\"image.default\">\n\t\t\t\t<div class=\"elementor-widget-container\">\n\t\t\t\t\t\t\t\t\t\t\t\t\t\t\t<img decoding=\"async\" width=\"364\" height=\"485\" src=\"https:\/\/mydokke.com\/wp-content\/uploads\/2021\/09\/DOKKE-253.png\" class=\"attachment-full size-full wp-image-159\" alt=\"\" srcset=\"https:\/\/mydokke.com\/wp-content\/uploads\/2021\/09\/DOKKE-253.png 364w, https:\/\/mydokke.com\/wp-content\/uploads\/2021\/09\/DOKKE-253-225x300.png 225w\" sizes=\"(max-width: 364px) 100vw, 364px\" \/>\t\t\t\t\t\t\t\t\t\t\t\t\t\t\t<\/div>\n\t\t\t\t<\/div>\n\t\t\t\t<div class=\"elementor-element elementor-element-40dfd2e elementor-widget elementor-widget-text-editor\" data-id=\"40dfd2e\" data-element_type=\"widget\" data-e-type=\"widget\" data-widget_type=\"text-editor.default\">\n\t\t\t\t<div class=\"elementor-widget-container\">\n\t\t\t\t\t\t\t\t\t<p>NOS VALEURS<br \/>\u00ab\u00a0dokke est une marque citadine cr\u00e9\u00e9e en ann\u00e9e 2018 par Ramatoulaye Diop, une autodidacte pour qui l\u2019univers de la mode a toujours \u00e9t\u00e9 une passion secr\u00e8te. Rama nait au sein d\u2019une famille africaine, s\u00e9n\u00e9galaise, pour qui l\u2019imaginaire de la r\u00e9ussite est avant tout synonyme de travail dans un domaine \u00ab classique \u00bb.<\/p>\t\t\t\t\t\t\t\t<\/div>\n\t\t\t\t<\/div>\n\t\t\t\t<div class=\"elementor-element elementor-element-2307fac elementor-widget elementor-widget-image\" data-id=\"2307fac\" data-element_type=\"widget\" data-e-type=\"widget\" data-widget_type=\"image.default\">\n\t\t\t\t<div class=\"elementor-widget-container\">\n\t\t\t\t\t\t\t\t\t\t\t\t\t\t\t<img decoding=\"async\" width=\"398\" height=\"498\" src=\"https:\/\/mydokke.com\/wp-content\/uploads\/2021\/09\/DSC_4150.png\" class=\"attachment-full size-full wp-image-160\" alt=\"\" srcset=\"https:\/\/mydokke.com\/wp-content\/uploads\/2021\/09\/DSC_4150.png 398w, https:\/\/mydokke.com\/wp-content\/uploads\/2021\/09\/DSC_4150-240x300.png 240w\" sizes=\"(max-width: 398px) 100vw, 398px\" \/>\t\t\t\t\t\t\t\t\t\t\t\t\t\t\t<\/div>\n\t\t\t\t<\/div>\n\t\t\t\t\t<\/div>\n\t\t<\/div>\n\t\t\t\t\t<\/div>\n\t\t<\/section>\n\t\t\t\t\t<\/div>\n\t\t<\/div>\n\t\t\t\t\t<\/div>\n\t\t<\/section>\n\t\t\t\t<section class=\"elementor-section elementor-top-section elementor-element elementor-element-f203062 elementor-reverse-mobile elementor-section-boxed elementor-section-height-default elementor-section-height-default\" data-id=\"f203062\" data-element_type=\"section\" data-e-type=\"section\" data-settings=\"{&quot;background_background&quot;:&quot;classic&quot;}\">\n\t\t\t\t\t\t<div class=\"elementor-container elementor-column-gap-default\">\n\t\t\t\t\t<div class=\"elementor-column elementor-col-50 elementor-top-column elementor-element elementor-element-f5a3e4d\" data-id=\"f5a3e4d\" data-element_type=\"column\" data-e-type=\"column\">\n\t\t\t<div class=\"elementor-widget-wrap elementor-element-populated\">\n\t\t\t\t\t\t<div class=\"elementor-element elementor-element-ff96579 elementor-widget elementor-widget-image\" data-id=\"ff96579\" data-element_type=\"widget\" data-e-type=\"widget\" data-widget_type=\"image.default\">\n\t\t\t\t<div class=\"elementor-widget-container\">\n\t\t\t\t\t\t\t\t\t\t\t\t\t\t\t<img loading=\"lazy\" decoding=\"async\" width=\"374\" height=\"498\" src=\"https:\/\/mydokke.com\/wp-content\/uploads\/2021\/09\/DOKKE-192.png\" class=\"attachment-full size-full wp-image-158\" alt=\"\" srcset=\"https:\/\/mydokke.com\/wp-content\/uploads\/2021\/09\/DOKKE-192.png 374w, https:\/\/mydokke.com\/wp-content\/uploads\/2021\/09\/DOKKE-192-225x300.png 225w\" sizes=\"(max-width: 374px) 100vw, 374px\" \/>\t\t\t\t\t\t\t\t\t\t\t\t\t\t\t<\/div>\n\t\t\t\t<\/div>\n\t\t\t\t\t<\/div>\n\t\t<\/div>\n\t\t\t\t<div class=\"elementor-column elementor-col-50 elementor-top-column elementor-element elementor-element-fbf1ce4\" data-id=\"fbf1ce4\" data-element_type=\"column\" data-e-type=\"column\">\n\t\t\t<div class=\"elementor-widget-wrap elementor-element-populated\">\n\t\t\t\t\t\t<div class=\"elementor-element elementor-element-965a94c elementor-widget elementor-widget-text-editor\" data-id=\"965a94c\" data-element_type=\"widget\" data-e-type=\"widget\" data-widget_type=\"text-editor.default\">\n\t\t\t\t<div class=\"elementor-widget-container\">\n\t\t\t\t\t\t\t\t\t<p>NOS COLLECTIONS<br \/>Chaque pi\u00e8ce dokke est fait \u00e0 la main, donc unique. Nous voulons concilier \u00e0 la fois le made in &amp; le made how. Pour chaque article, nous essayons de r\u00e9pondre \u00e0 ces questions simples: Est-ce bien fait et joli ? Est-ce facilement portable ? Pourrais-je le porter saison apr\u00e8s saison ?<\/p><p>dokke a pour but d\u2019enrichir votre style en proposant de beaux produits aux prix les plus justes. \u2028Ainsi nous voulons concilier \u00e0 la fois le made in &amp; le made how.<br \/>La boussole dokke est point\u00e9e vers les directions \u00ab allure \u00bb et \u00ab \u00e9l\u00e9gance \u00bb en fournissant des produits simples et authentiques.<br \/><br \/>Nous offrons la possibilit\u00e9 \u00e0 tous les dokkelovers, de personnaliser leurs produits.\u00a0<br \/>Dans la section dokkepersonnalisation , vous pouvez choisir votre propre interpr\u00e9tation de notre collection parmi des couleurs diverses.<\/p>\t\t\t\t\t\t\t\t<\/div>\n\t\t\t\t<\/div>\n\t\t\t\t<div class=\"elementor-element elementor-element-a39adc9 elementor-widget elementor-widget-heading\" data-id=\"a39adc9\" data-element_type=\"widget\" data-e-type=\"widget\" data-widget_type=\"heading.default\">\n\t\t\t\t<div class=\"elementor-widget-container\">\n\t\t\t\t\t<h2 class=\"elementor-heading-title elementor-size-default\">Amour, passion et fun toujours\u00a0!<\/h2>\t\t\t\t<\/div>\n\t\t\t\t<\/div>\n\t\t\t\t\t<\/div>\n\t\t<\/div>\n\t\t\t\t\t<\/div>\n\t\t<\/section>\n\t\t\t\t<section class=\"elementor-section elementor-top-section elementor-element elementor-element-c1258be elementor-section-boxed elementor-section-height-default elementor-section-height-default\" data-id=\"c1258be\" data-element_type=\"section\" data-e-type=\"section\" data-settings=\"{&quot;background_background&quot;:&quot;classic&quot;}\">\n\t\t\t\t\t\t<div class=\"elementor-container elementor-column-gap-default\">\n\t\t\t\t\t<div class=\"elementor-column elementor-col-50 elementor-top-column elementor-element elementor-element-211e36d\" data-id=\"211e36d\" data-element_type=\"column\" data-e-type=\"column\">\n\t\t\t<div class=\"elementor-widget-wrap elementor-element-populated\">\n\t\t\t\t\t\t<div class=\"elementor-element elementor-element-74d4ad8 elementor-widget elementor-widget-text-editor\" data-id=\"74d4ad8\" data-element_type=\"widget\" data-e-type=\"widget\" data-widget_type=\"text-editor.default\">\n\t\t\t\t<div class=\"elementor-widget-container\">\n\t\t\t\t\t\t\t\t\t<p>DOKKERAMA<br \/>Jeune, j&rsquo;ai toujours con\u00e7u mes propres v\u00eatements \u00e0 Dakar, S\u00e9n\u00e9gal. <br \/>Plus tard, en tant que parisienne, j&rsquo;ai essay\u00e9 de fusionner dans mon propre style toutes les influences venant des cultures diverses rencontr\u00e9es dans cette ville magnifique.\u00a0<br \/><br \/>J&rsquo;ai con\u00e7u des v\u00eatements et des accessoires pour mes proches pendant des ann\u00e9es. Ils m\u2019ont beaucoup encourag\u00e9e \u00e0 me lancer\u00a0! L&rsquo;ann\u00e9e derni\u00e8re, j&rsquo;ai donc d\u00e9cid\u00e9 de vivre ma passion \u00e0 100% et ai cr\u00e9\u00e9 dokke. \u2028\u2028J&rsquo;ai la chance d\u2019\u00eatre inspir\u00e9e par mes racines et les diff\u00e9rentes personnes que je continue de rencontrer en chemin.<\/p><p>Donc milles mercis \u00e0 Maman, Papa, mon amour, mes incroyables amis, mon \u00e9quipe Paris-Dakar, au yassa poulet de Maman Diop, au Terrou bi, au charlot, \u00e0 Mme Perrier mon professeur de Fran\u00e7ais, aux bo\u00eetes orange, aux march\u00e9s aux tissus\u2026.<\/p>\t\t\t\t\t\t\t\t<\/div>\n\t\t\t\t<\/div>\n\t\t\t\t<div class=\"elementor-element elementor-element-6962bee elementor-widget elementor-widget-heading\" data-id=\"6962bee\" data-element_type=\"widget\" data-e-type=\"widget\" data-widget_type=\"heading.default\">\n\t\t\t\t<div class=\"elementor-widget-container\">\n\t\t\t\t\t<h2 class=\"elementor-heading-title elementor-size-default\">Et merci aux dokkelovers\u00a0!\n<br>Rama DIOP<\/h2>\t\t\t\t<\/div>\n\t\t\t\t<\/div>\n\t\t\t\t\t<\/div>\n\t\t<\/div>\n\t\t\t\t<div class=\"elementor-column elementor-col-50 elementor-top-column elementor-element elementor-element-6eed9ce\" data-id=\"6eed9ce\" data-element_type=\"column\" data-e-type=\"column\">\n\t\t\t<div class=\"elementor-widget-wrap elementor-element-populated\">\n\t\t\t\t\t\t<div class=\"elementor-element elementor-element-9aa8c3a elementor-widget elementor-widget-image\" data-id=\"9aa8c3a\" data-element_type=\"widget\" data-e-type=\"widget\" data-widget_type=\"image.default\">\n\t\t\t\t<div class=\"elementor-widget-container\">\n\t\t\t\t\t\t\t\t\t\t\t\t\t\t\t<img loading=\"lazy\" decoding=\"async\" width=\"398\" height=\"569\" src=\"https:\/\/mydokke.com\/wp-content\/uploads\/2021\/09\/20190604165959-_DSC1947.png\" class=\"attachment-full size-full wp-image-168\" alt=\"\" srcset=\"https:\/\/mydokke.com\/wp-content\/uploads\/2021\/09\/20190604165959-_DSC1947.png 398w, https:\/\/mydokke.com\/wp-content\/uploads\/2021\/09\/20190604165959-_DSC1947-210x300.png 210w\" sizes=\"(max-width: 398px) 100vw, 398px\" \/>\t\t\t\t\t\t\t\t\t\t\t\t\t\t\t<\/div>\n\t\t\t\t<\/div>\n\t\t\t\t\t<\/div>\n\t\t<\/div>\n\t\t\t\t\t<\/div>\n\t\t<\/section>\n\t\t\t\t<\/div>","protected":false},"excerpt":{"rendered":"<p>D\u00e9couvrez la marque Dokke La marque citadine cr\u00e9\u00e9e en ann\u00e9e 2018 par Ramatoulaye Diop Rama va \u00eatre aur\u00e9ol\u00e9e de parchemins sans faute faisant d\u2019elle une professionnelle experte dans les r\u00e9gies financi\u00e8res. Elle exerce plusieurs ann\u00e9es \u00e0 Paris dans des cabinets de conseil, directrice financi\u00e8re dans une boite d\u2019IT au CAC40, tout en peaufinant ce qui [&hellip;]<\/p>\n","protected":false},"author":1,"featured_media":0,"parent":0,"menu_order":0,"comment_status":"closed","ping_status":"closed","template":"elementor_header_footer","meta":{"_acf_changed":false,"footnotes":""},"class_list":["post-153","page","type-page","status-publish","hentry"],"acf":[],"_links":{"self":[{"href":"https:\/\/mydokke.com\/en\/wp-json\/wp\/v2\/pages\/153","targetHints":{"allow":["GET"]}}],"collection":[{"href":"https:\/\/mydokke.com\/en\/wp-json\/wp\/v2\/pages"}],"about":[{"href":"https:\/\/mydokke.com\/en\/wp-json\/wp\/v2\/types\/page"}],"author":[{"embeddable":true,"href":"https:\/\/mydokke.com\/en\/wp-json\/wp\/v2\/users\/1"}],"replies":[{"embeddable":true,"href":"https:\/\/mydokke.com\/en\/wp-json\/wp\/v2\/comments?post=153"}],"version-history":[{"count":5,"href":"https:\/\/mydokke.com\/en\/wp-json\/wp\/v2\/pages\/153\/revisions"}],"predecessor-version":[{"id":199,"href":"https:\/\/mydokke.com\/en\/wp-json\/wp\/v2\/pages\/153\/revisions\/199"}],"wp:attachment":[{"href":"https:\/\/mydokke.com\/en\/wp-json\/wp\/v2\/media?parent=153"}],"curies":[{"name":"wp","href":"https:\/\/api.w.org\/{rel}","templated":true}]}}